{"id":1412,"date":"2022-04-22T10:34:22","date_gmt":"2022-04-22T10:34:22","guid":{"rendered":"https:\/\/gayonica.ca\/product\/fleurs-et-sapin-sel-bain\/"},"modified":"2025-03-11T12:49:16","modified_gmt":"2025-03-11T12:49:16","slug":"fleurs-et-sapin-sel-bain","status":"publish","type":"product","link":"https:\/\/gayonica.ca\/fr\/product\/fleurs-et-sapin-sel-bain\/","title":{"rendered":"Fleurs et sapin"},"content":{"rendered":"<p>Nos sels de bain aux ar\u00f4mes floraux et bois\u00e9s sont con\u00e7us pour ajouter une dose de relaxation \u00e0 votre routine quotidienne. Cette formulation, riche en extraits de cannabis, r\u00e9unit les bienfaits des sels de mer et de montagne. Les huiles essentielles utilis\u00e9es dans leur confection produisent un effet calmant et relaxant musculaire.<\/p>\n","protected":false},"excerpt":{"rendered":"<p>Tout indiqu\u00e9s pour vos moments de relaxation, ces sels de bain conviennent aussi pour la r\u00e9cup\u00e9ration sportive et pour soulager les inconforts.<\/p>\n","protected":false},"featured_media":1197,"template":"","meta":{"_acf_changed":false,"_et_pb_use_builder":"","_et_pb_old_content":"Nos sels de bain aux ar\u00f4mes floraux et bois\u00e9s sont con\u00e7us pour ajouter une dose de relaxation \u00e0 votre routine quotidienne. Cette formulation, riche en extraits de cannabis, r\u00e9unit les bienfaits des sels de mer et de montagne. Les huiles essentielles utilis\u00e9es dans leur confection produisent un effet calmant et relaxant musculaire.","_et_gb_content_width":""},"product_brand":[],"product_cat":[79],"product_tag":[],"class_list":{"0":"post-1412","1":"product","2":"type-product","3":"status-publish","4":"has-post-thumbnail","6":"product_cat-cosmetiques-fr","8":"first","9":"instock","10":"shipping-taxable","11":"product-type-simple"},"acf":[],"_links":{"self":[{"href":"https:\/\/gayonica.ca\/fr\/wp-json\/wp\/v2\/product\/1412","targetHints":{"allow":["GET"]}}],"collection":[{"href":"https:\/\/gayonica.ca\/fr\/wp-json\/wp\/v2\/product"}],"about":[{"href":"https:\/\/gayonica.ca\/fr\/wp-json\/wp\/v2\/types\/product"}],"wp:featuredmedia":[{"embeddable":true,"href":"https:\/\/gayonica.ca\/fr\/wp-json\/wp\/v2\/media\/1197"}],"wp:attachment":[{"href":"https:\/\/gayonica.ca\/fr\/wp-json\/wp\/v2\/media?parent=1412"}],"wp:term":[{"taxonomy":"product_brand","embeddable":true,"href":"https:\/\/gayonica.ca\/fr\/wp-json\/wp\/v2\/product_brand?post=1412"},{"taxonomy":"product_cat","embeddable":true,"href":"https:\/\/gayonica.ca\/fr\/wp-json\/wp\/v2\/product_cat?post=1412"},{"taxonomy":"product_tag","embeddable":true,"href":"https:\/\/gayonica.ca\/fr\/wp-json\/wp\/v2\/product_tag?post=1412"}],"curies":[{"name":"wp","href":"https:\/\/api.w.org\/{rel}","templated":true}]}}