{"id":1411,"date":"2022-04-22T10:21:22","date_gmt":"2022-04-22T10:21:22","guid":{"rendered":"https:\/\/gayonica.ca\/product\/fleurs-et-sapin-beurre-corporel\/"},"modified":"2025-03-11T12:47:57","modified_gmt":"2025-03-11T12:47:57","slug":"fleurs-et-sapin-beurre-corporel","status":"publish","type":"product","link":"https:\/\/gayonica.ca\/fr\/product\/fleurs-et-sapin-beurre-corporel\/","title":{"rendered":"Fleurs et sapin"},"content":{"rendered":"<p>Notre beurre onctueux aux ar\u00f4mes floraux et \u00e9pic\u00e9s est formul\u00e9 pour contribuer \u00e0 votre bien-\u00eatre quotidien. Sa formulation riche en huiles essentielles et en extraits de cannabis aide \u00e0 d\u00e9tendre les muscles, soulager l&rsquo;inconfort et participe aussi \u00e0 une bonne revitalisation du derme.<\/p>\n","protected":false},"excerpt":{"rendered":"<p>Id\u00e9al pour apaiser les muscles apr\u00e8s les efforts physiques, ce beurre corporel est tout indiqu\u00e9 \u00e0 la sortie du bain lorsque la peau est encore ti\u00e8de. Ce produit topique remplace avec brio vos baumes \u00e0 massage favoris. Sa formule, riche en beurre v\u00e9g\u00e9tal et en huiles bienveillantes, contribue \u00e0 la protection et \u00e0 la revitalisation optimales du derme.<\/p>\n","protected":false},"featured_media":4227,"template":"","meta":{"_acf_changed":false,"_et_pb_use_builder":"","_et_pb_old_content":"","_et_gb_content_width":""},"product_brand":[],"product_cat":[79],"product_tag":[],"class_list":{"0":"post-1411","1":"product","2":"type-product","3":"status-publish","4":"has-post-thumbnail","6":"product_cat-cosmetiques-fr","8":"first","9":"instock","10":"shipping-taxable","11":"product-type-simple"},"acf":[],"_links":{"self":[{"href":"https:\/\/gayonica.ca\/fr\/wp-json\/wp\/v2\/product\/1411","targetHints":{"allow":["GET"]}}],"collection":[{"href":"https:\/\/gayonica.ca\/fr\/wp-json\/wp\/v2\/product"}],"about":[{"href":"https:\/\/gayonica.ca\/fr\/wp-json\/wp\/v2\/types\/product"}],"wp:featuredmedia":[{"embeddable":true,"href":"https:\/\/gayonica.ca\/fr\/wp-json\/wp\/v2\/media\/4227"}],"wp:attachment":[{"href":"https:\/\/gayonica.ca\/fr\/wp-json\/wp\/v2\/media?parent=1411"}],"wp:term":[{"taxonomy":"product_brand","embeddable":true,"href":"https:\/\/gayonica.ca\/fr\/wp-json\/wp\/v2\/product_brand?post=1411"},{"taxonomy":"product_cat","embeddable":true,"href":"https:\/\/gayonica.ca\/fr\/wp-json\/wp\/v2\/product_cat?post=1411"},{"taxonomy":"product_tag","embeddable":true,"href":"https:\/\/gayonica.ca\/fr\/wp-json\/wp\/v2\/product_tag?post=1411"}],"curies":[{"name":"wp","href":"https:\/\/api.w.org\/{rel}","templated":true}]}}