{"id":1405,"date":"2022-04-19T23:34:13","date_gmt":"2022-04-19T23:34:13","guid":{"rendered":"https:\/\/gayonica.ca\/product\/pomme-matcha-blee\/"},"modified":"2022-07-29T12:55:59","modified_gmt":"2022-07-29T12:55:59","slug":"pomme-matcha-blee","status":"publish","type":"product","link":"https:\/\/gayonica.ca\/fr\/product\/pomme-matcha-blee\/","title":{"rendered":"Pomme &#038; Matcha"},"content":{"rendered":"<p>Au nez, on per\u00e7oit des notes de fruits confits et d\u2019\u00e9pices. En bouche, apr\u00e8s la sensation onctueuse, on distingue la touche fra\u00eeche, verte et herbac\u00e9e du matcha pour ensuite faire place \u00e0 un agr\u00e9able go\u00fbt de pomme \u00e9pic\u00e9 et l\u00e9g\u00e8rement acidul\u00e9.<\/p>\n","protected":false},"excerpt":{"rendered":"<p>Une bouch\u00e9e stimulante con\u00e7ue pour les moments physiquement ou intellectuellement actifs de nos vies. Principalement pour une consommation de jour, cette formule peut aussi se pr\u00eater \u00e0 vos activit\u00e9s nocturnes plus mouvement\u00e9es.<\/p>\n","protected":false},"featured_media":4293,"template":"","meta":{"_acf_changed":false,"_et_pb_use_builder":"","_et_pb_old_content":"","_et_gb_content_width":""},"product_brand":[],"product_cat":[72],"product_tag":[49],"class_list":{"0":"post-1405","1":"product","2":"type-product","3":"status-publish","4":"has-post-thumbnail","6":"product_cat-comestibles-blee","7":"product_tag-jublee-fr","9":"first","10":"instock","11":"shipping-taxable","12":"product-type-simple"},"acf":[],"_links":{"self":[{"href":"https:\/\/gayonica.ca\/fr\/wp-json\/wp\/v2\/product\/1405","targetHints":{"allow":["GET"]}}],"collection":[{"href":"https:\/\/gayonica.ca\/fr\/wp-json\/wp\/v2\/product"}],"about":[{"href":"https:\/\/gayonica.ca\/fr\/wp-json\/wp\/v2\/types\/product"}],"wp:featuredmedia":[{"embeddable":true,"href":"https:\/\/gayonica.ca\/fr\/wp-json\/wp\/v2\/media\/4293"}],"wp:attachment":[{"href":"https:\/\/gayonica.ca\/fr\/wp-json\/wp\/v2\/media?parent=1405"}],"wp:term":[{"taxonomy":"product_brand","embeddable":true,"href":"https:\/\/gayonica.ca\/fr\/wp-json\/wp\/v2\/product_brand?post=1405"},{"taxonomy":"product_cat","embeddable":true,"href":"https:\/\/gayonica.ca\/fr\/wp-json\/wp\/v2\/product_cat?post=1405"},{"taxonomy":"product_tag","embeddable":true,"href":"https:\/\/gayonica.ca\/fr\/wp-json\/wp\/v2\/product_tag?post=1405"}],"curies":[{"name":"wp","href":"https:\/\/api.w.org\/{rel}","templated":true}]}}