{"id":1404,"date":"2022-04-18T00:06:00","date_gmt":"2022-04-18T00:06:00","guid":{"rendered":"https:\/\/gayonica.ca\/product\/bleuet-lavande-blee\/"},"modified":"2022-07-29T13:07:08","modified_gmt":"2022-07-29T13:07:08","slug":"bleuet-lavande-blee","status":"publish","type":"product","link":"https:\/\/gayonica.ca\/fr\/product\/bleuet-lavande-blee\/","title":{"rendered":"Bleuet &amp; lavande"},"content":{"rendered":"<p>En bouche, l&rsquo;ar\u00f4me de lavande domine et nous am\u00e8ne dans un univers floral et suave. On per\u00e7oit ensuite des ar\u00f4mes de confiture de bleuets. En bouche, la sensation moelleuse \u00e0 souhait fait place \u00e0 des go\u00fbts doux et sucr\u00e9s \u00e9voquant une p\u00e2tisserie orientale. <\/p>\n","protected":false},"excerpt":{"rendered":"<p>Une bouch\u00e9e onctueuse et florale tout indiqu\u00e9e pour le repos. Relaxante et apaisante, cette formule favorise le sommeil.<\/p>\n","protected":false},"featured_media":4294,"template":"","meta":{"_acf_changed":false,"_et_pb_use_builder":"","_et_pb_old_content":"","_et_gb_content_width":""},"product_brand":[],"product_cat":[72],"product_tag":[],"class_list":{"0":"post-1404","1":"product","2":"type-product","3":"status-publish","4":"has-post-thumbnail","6":"product_cat-comestibles-blee","8":"first","9":"instock","10":"shipping-taxable","11":"product-type-simple"},"acf":[],"_links":{"self":[{"href":"https:\/\/gayonica.ca\/fr\/wp-json\/wp\/v2\/product\/1404","targetHints":{"allow":["GET"]}}],"collection":[{"href":"https:\/\/gayonica.ca\/fr\/wp-json\/wp\/v2\/product"}],"about":[{"href":"https:\/\/gayonica.ca\/fr\/wp-json\/wp\/v2\/types\/product"}],"wp:featuredmedia":[{"embeddable":true,"href":"https:\/\/gayonica.ca\/fr\/wp-json\/wp\/v2\/media\/4294"}],"wp:attachment":[{"href":"https:\/\/gayonica.ca\/fr\/wp-json\/wp\/v2\/media?parent=1404"}],"wp:term":[{"taxonomy":"product_brand","embeddable":true,"href":"https:\/\/gayonica.ca\/fr\/wp-json\/wp\/v2\/product_brand?post=1404"},{"taxonomy":"product_cat","embeddable":true,"href":"https:\/\/gayonica.ca\/fr\/wp-json\/wp\/v2\/product_cat?post=1404"},{"taxonomy":"product_tag","embeddable":true,"href":"https:\/\/gayonica.ca\/fr\/wp-json\/wp\/v2\/product_tag?post=1404"}],"curies":[{"name":"wp","href":"https:\/\/api.w.org\/{rel}","templated":true}]}}