{"id":1400,"date":"2022-02-01T09:59:14","date_gmt":"2022-02-01T09:59:14","guid":{"rendered":"https:\/\/gayonica.ca\/product\/cerise-et-cacao\/"},"modified":"2022-07-29T13:20:35","modified_gmt":"2022-07-29T13:20:35","slug":"cerise-cacao","status":"publish","type":"product","link":"https:\/\/gayonica.ca\/fr\/product\/cerise-cacao\/","title":{"rendered":"Cerise et cacao"},"content":{"rendered":"<p>Le nez am\u00e8ne des notes de cerise bien perceptible et des notes secondaires de torr\u00e9faction. En bouche, la sensation friable fait place \u00e0 des ar\u00f4mes de cerise confite et de cacao amer pour terminer sur des \u00e9chos de sel de mer et de piment.<\/p>\n","protected":false},"excerpt":{"rendered":"<p>Une bouch\u00e9e indulgente qui \u00e9veille les sens. Sa formule est id\u00e9ale pour se d\u00e9tendre et stimuler les sensations.<\/p>\n","protected":false},"featured_media":3489,"template":"","meta":{"_acf_changed":false,"_et_pb_use_builder":"off","_et_pb_old_content":"long description","_et_gb_content_width":""},"product_brand":[],"product_cat":[48],"product_tag":[49],"class_list":{"0":"post-1400","1":"product","2":"type-product","3":"status-publish","4":"has-post-thumbnail","6":"product_cat-comestibles","7":"product_tag-jublee-fr","9":"first","10":"instock","11":"shipping-taxable","12":"product-type-simple"},"acf":[],"_links":{"self":[{"href":"https:\/\/gayonica.ca\/fr\/wp-json\/wp\/v2\/product\/1400","targetHints":{"allow":["GET"]}}],"collection":[{"href":"https:\/\/gayonica.ca\/fr\/wp-json\/wp\/v2\/product"}],"about":[{"href":"https:\/\/gayonica.ca\/fr\/wp-json\/wp\/v2\/types\/product"}],"wp:featuredmedia":[{"embeddable":true,"href":"https:\/\/gayonica.ca\/fr\/wp-json\/wp\/v2\/media\/3489"}],"wp:attachment":[{"href":"https:\/\/gayonica.ca\/fr\/wp-json\/wp\/v2\/media?parent=1400"}],"wp:term":[{"taxonomy":"product_brand","embeddable":true,"href":"https:\/\/gayonica.ca\/fr\/wp-json\/wp\/v2\/product_brand?post=1400"},{"taxonomy":"product_cat","embeddable":true,"href":"https:\/\/gayonica.ca\/fr\/wp-json\/wp\/v2\/product_cat?post=1400"},{"taxonomy":"product_tag","embeddable":true,"href":"https:\/\/gayonica.ca\/fr\/wp-json\/wp\/v2\/product_tag?post=1400"}],"curies":[{"name":"wp","href":"https:\/\/api.w.org\/{rel}","templated":true}]}}