{"id":1333,"date":"2022-04-20T01:40:23","date_gmt":"2022-04-20T01:40:23","guid":{"rendered":"https:\/\/gayonica.ca\/a-propos\/"},"modified":"2024-10-28T13:25:45","modified_gmt":"2024-10-28T13:25:45","slug":"a-propos","status":"publish","type":"page","link":"https:\/\/gayonica.ca\/fr\/a-propos\/","title":{"rendered":"\u00c0 propos"},"content":{"rendered":"<p>[et_pb_section fb_built=\u00a0\u00bb1&Prime; fullwidth=\u00a0\u00bbon\u00a0\u00bb _builder_version=\u00a0\u00bb4.16&Prime; _module_preset=\u00a0\u00bbdefault\u00a0\u00bb locked=\u00a0\u00bboff\u00a0\u00bb global_colors_info=\u00a0\u00bb{}\u00a0\u00bb][et_pb_fullwidth_header title=\u00a0\u00bb\u00c0 propos\u00a0\u00bb button_one_url=\u00a0\u00bb#form\u00a0\u00bb background_overlay_color=\u00a0\u00bbRGBA(255,255,255,0)\u00a0\u00bb _builder_version=\u00a0\u00bb4.17.1&Prime; _module_preset=\u00a0\u00bbdefault\u00a0\u00bb title_text_color=\u00a0\u00bb#B4A686&Prime; title_font_size=\u00a0\u00bb80px\u00a0\u00bb title_line_height=\u00a0\u00bb80px\u00a0\u00bb background_color=\u00a0\u00bb#151515&Prime; background_enable_image=\u00a0\u00bboff\u00a0\u00bb custom_padding=\u00a0\u00bb30px||30px||false|false\u00a0\u00bb title_font_size_tablet=\u00a0\u00bb55px\u00a0\u00bb title_font_size_phone=\u00a0\u00bb55px\u00a0\u00bb title_font_size_last_edited=\u00a0\u00bbon|tablet\u00a0\u00bb title_line_height_tablet=\u00a0\u00bb55px\u00a0\u00bb title_line_height_phone=\u00a0\u00bb55px\u00a0\u00bb title_line_height_last_edited=\u00a0\u00bbon|tablet\u00a0\u00bb global_colors_info=\u00a0\u00bb{}\u00a0\u00bb][\/et_pb_fullwidth_header][\/et_pb_section][et_pb_section fb_built=\u00a0\u00bb1&Prime; _builder_version=\u00a0\u00bb4.17.1&Prime; _module_preset=\u00a0\u00bbdefault\u00a0\u00bb custom_padding=\u00a0\u00bb||0px|||\u00a0\u00bb global_colors_info=\u00a0\u00bb{}\u00a0\u00bb][et_pb_row column_structure=\u00a0\u00bb1_2,1_2&Prime; _builder_version=\u00a0\u00bb4.17.1&Prime; _module_preset=\u00a0\u00bbdefault\u00a0\u00bb custom_padding=\u00a0\u00bb40px|||||\u00a0\u00bb locked=\u00a0\u00bboff\u00a0\u00bb global_colors_info=\u00a0\u00bb{}\u00a0\u00bb][et_pb_column type=\u00a0\u00bb1_2&Prime; _builder_version=\u00a0\u00bb4.16&Prime; _module_preset=\u00a0\u00bbdefault\u00a0\u00bb global_colors_info=\u00a0\u00bb{}\u00a0\u00bb][et_pb_text content_tablet=\u00a0\u00bb<\/p>\n<h2>Enrichir la vie des gens<br \/>de partout gr\u00e2ce aux bienfaits du cannabis.<\/h2>\n<p>\u00a0\u00bb content_phone=\u00a0\u00bb<\/p>\n<h2>Enrichir la vie des gens de partout gr\u00e2ce aux bienfaits du cannabis.<\/h2>\n<p>\u00a0\u00bb content_last_edited=\u00a0\u00bbon|phone\u00a0\u00bb _builder_version=\u00a0\u00bb4.17.1&Prime; _module_preset=\u00a0\u00bbdefault\u00a0\u00bb header_2_font_size=\u00a0\u00bb38px\u00a0\u00bb header_2_line_height=\u00a0\u00bb47px\u00a0\u00bb global_colors_info=\u00a0\u00bb{}\u00a0\u00bb]<\/p>\n<h2>Enrichir la vie des gens<br \/>de partout gr\u00e2ce aux bienfaits du cannabis.<\/h2>\n<p>[\/et_pb_text][\/et_pb_column][et_pb_column type=\u00a0\u00bb1_2&Prime; _builder_version=\u00a0\u00bb4.16&Prime; _module_preset=\u00a0\u00bbdefault\u00a0\u00bb global_colors_info=\u00a0\u00bb{}\u00a0\u00bb][et_pb_text _builder_version=\u00a0\u00bb4.17.1&Prime; _module_preset=\u00a0\u00bbdefault\u00a0\u00bb text_font_size=\u00a0\u00bb20px\u00a0\u00bb text_line_height=\u00a0\u00bb27px\u00a0\u00bb global_colors_info=\u00a0\u00bb{}\u00a0\u00bb]Gayonica rassemble des expertises de pointe en formulation de produits \u00e0 base de cannabis, ainsi qu\u2019un savoir sur leurs utilisations, purifications, s\u00e9gr\u00e9gations et analyses. Notre \u00e9quipe d\u2019innovateurs se sp\u00e9cialise dans la formulation de produits \u00e0 effets sp\u00e9cifiques, produisant des extraits de haute qualit\u00e9.[\/et_pb_text][\/et_pb_column][\/et_pb_row][et_pb_row _builder_version=\u00a0\u00bb4.17.1&Prime; _module_preset=\u00a0\u00bbdefault\u00a0\u00bb background_image=\u00a0\u00bbhttps:\/\/gayonica.ca\/wp-content\/uploads\/2022\/05\/about-us-banner.png\u00a0\u00bb background_position=\u00a0\u00bbcenter_right\u00a0\u00bb module_alignment=\u00a0\u00bbright\u00a0\u00bb custom_margin=\u00a0\u00bb91px|auto||auto|false|false\u00a0\u00bb custom_padding=\u00a0\u00bb150px||150px||false|false\u00a0\u00bb box_shadow_style=\u00a0\u00bbpreset4&Prime; box_shadow_horizontal=\u00a0\u00bb80px\u00a0\u00bb box_shadow_vertical=\u00a0\u00bb-42px\u00a0\u00bb box_shadow_color=\u00a0\u00bb#B4A686&Prime; global_colors_info=\u00a0\u00bb{}\u00a0\u00bb][et_pb_column type=\u00a0\u00bb4_4&Prime; _builder_version=\u00a0\u00bb4.17.1&Prime; _module_preset=\u00a0\u00bbdefault\u00a0\u00bb global_colors_info=\u00a0\u00bb{}\u00a0\u00bb][\/et_pb_column][\/et_pb_row][et_pb_row column_structure=\u00a0\u00bb1_3,1_3,1_3&Prime; _builder_version=\u00a0\u00bb4.17.1&Prime; _module_preset=\u00a0\u00bbdefault\u00a0\u00bb custom_margin=\u00a0\u00bb106px|auto||auto||\u00a0\u00bb custom_padding=\u00a0\u00bb0px|||||\u00a0\u00bb locked=\u00a0\u00bboff\u00a0\u00bb global_colors_info=\u00a0\u00bb{}\u00a0\u00bb][et_pb_column type=\u00a0\u00bb1_3&Prime; _builder_version=\u00a0\u00bb4.16&Prime; _module_preset=\u00a0\u00bbdefault\u00a0\u00bb global_colors_info=\u00a0\u00bb{}\u00a0\u00bb][et_pb_text _builder_version=\u00a0\u00bb4.17.1&Prime; _module_preset=\u00a0\u00bbdefault\u00a0\u00bb text_font_size=\u00a0\u00bb30px\u00a0\u00bb text_line_height=\u00a0\u00bb42px\u00a0\u00bb global_colors_info=\u00a0\u00bb{}\u00a0\u00bb]<\/p>\n<p>Quatre valeurs fortes,<br \/>au c\u0153ur de notre ADN<\/p>\n<p>[\/et_pb_text][\/et_pb_column][et_pb_column type=\u00a0\u00bb1_3&Prime; _builder_version=\u00a0\u00bb4.16&Prime; _module_preset=\u00a0\u00bbdefault\u00a0\u00bb global_colors_info=\u00a0\u00bb{}\u00a0\u00bb][et_pb_blurb use_icon=\u00a0\u00bbon\u00a0\u00bb font_icon=\u00a0\u00bb&#xf00c;||fa||900&Prime; icon_color=\u00a0\u00bb#B4A686&Prime; icon_placement=\u00a0\u00bbleft\u00a0\u00bb image_icon_width=\u00a0\u00bb23px\u00a0\u00bb _builder_version=\u00a0\u00bb4.17.1&Prime; _module_preset=\u00a0\u00bbdefault\u00a0\u00bb body_font_size=\u00a0\u00bb20px\u00a0\u00bb body_line_height=\u00a0\u00bb28px\u00a0\u00bb custom_margin=\u00a0\u00bb-2px|||||\u00a0\u00bb global_colors_info=\u00a0\u00bb{}\u00a0\u00bb]<\/p>\n<p>R\u00e9v\u00e9ler tous les bienfaits du cannabis.<\/p>\n<p>[\/et_pb_blurb][et_pb_blurb use_icon=\u00a0\u00bbon\u00a0\u00bb font_icon=\u00a0\u00bb&#xf00c;||fa||900&Prime; icon_color=\u00a0\u00bb#B4A686&Prime; icon_placement=\u00a0\u00bbleft\u00a0\u00bb image_icon_width=\u00a0\u00bb23px\u00a0\u00bb _builder_version=\u00a0\u00bb4.17.1&Prime; _module_preset=\u00a0\u00bbdefault\u00a0\u00bb body_font_size=\u00a0\u00bb20px\u00a0\u00bb body_line_height=\u00a0\u00bb28px\u00a0\u00bb custom_margin=\u00a0\u00bb36px|||||\u00a0\u00bb global_colors_info=\u00a0\u00bb{}\u00a0\u00bb]<\/p>\n<p>Se distinguer par la qualit\u00e9 de nos produits.<\/p>\n<p>[\/et_pb_blurb][\/et_pb_column][et_pb_column type=\u00a0\u00bb1_3&Prime; _builder_version=\u00a0\u00bb4.17.1&Prime; _module_preset=\u00a0\u00bbdefault\u00a0\u00bb global_colors_info=\u00a0\u00bb{}\u00a0\u00bb][et_pb_blurb use_icon=\u00a0\u00bbon\u00a0\u00bb font_icon=\u00a0\u00bb&#xf00c;||fa||900&Prime; icon_color=\u00a0\u00bb#B4A686&Prime; icon_placement=\u00a0\u00bbleft\u00a0\u00bb image_icon_width=\u00a0\u00bb23px\u00a0\u00bb _builder_version=\u00a0\u00bb4.17.1&Prime; _module_preset=\u00a0\u00bbdefault\u00a0\u00bb body_font_size=\u00a0\u00bb20px\u00a0\u00bb body_line_height=\u00a0\u00bb28px\u00a0\u00bb custom_margin=\u00a0\u00bb-1px|||||\u00a0\u00bb global_colors_info=\u00a0\u00bb{}\u00a0\u00bb]<\/p>\n<p>Pr\u00e9server la nature pour toujours pouvoir en profiter pleinement.<\/p>\n<p>[\/et_pb_blurb][et_pb_blurb use_icon=\u00a0\u00bbon\u00a0\u00bb font_icon=\u00a0\u00bb&#xf00c;||fa||900&Prime; icon_color=\u00a0\u00bb#B4A686&Prime; icon_placement=\u00a0\u00bbleft\u00a0\u00bb image_icon_width=\u00a0\u00bb23px\u00a0\u00bb _builder_version=\u00a0\u00bb4.17.1&Prime; _module_preset=\u00a0\u00bbdefault\u00a0\u00bb body_font_size=\u00a0\u00bb20px\u00a0\u00bb body_line_height=\u00a0\u00bb28px\u00a0\u00bb custom_margin=\u00a0\u00bb36px|||||\u00a0\u00bb global_colors_info=\u00a0\u00bb{}\u00a0\u00bb]<\/p>\n<p>Innover, par la science, pour toujours concevoir de meilleurs produits.<\/p>\n<p>[\/et_pb_blurb][\/et_pb_column][\/et_pb_row][et_pb_row _builder_version=\u00a0\u00bb4.17.1&Prime; _module_preset=\u00a0\u00bbdefault\u00a0\u00bb global_colors_info=\u00a0\u00bb{}\u00a0\u00bb][et_pb_column type=\u00a0\u00bb4_4&Prime; _builder_version=\u00a0\u00bb4.17.1&Prime; _module_preset=\u00a0\u00bbdefault\u00a0\u00bb global_colors_info=\u00a0\u00bb{}\u00a0\u00bb][et_pb_divider color=\u00a0\u00bb#000000&Prime; divider_weight=\u00a0\u00bb6px\u00a0\u00bb _builder_version=\u00a0\u00bb4.17.1&Prime; _module_preset=\u00a0\u00bbdefault\u00a0\u00bb global_colors_info=\u00a0\u00bb{}\u00a0\u00bb][\/et_pb_divider][\/et_pb_column][\/et_pb_row][\/et_pb_section][et_pb_section fb_built=\u00a0\u00bb1&Prime; _builder_version=\u00a0\u00bb4.17.1&Prime; _module_preset=\u00a0\u00bbdefault\u00a0\u00bb custom_padding=\u00a0\u00bb0px|||||\u00a0\u00bb global_colors_info=\u00a0\u00bb{}\u00a0\u00bb][et_pb_row column_structure=\u00a0\u00bb2_5,3_5&Prime; _builder_version=\u00a0\u00bb4.17.1&Prime; _module_preset=\u00a0\u00bbdefault\u00a0\u00bb global_colors_info=\u00a0\u00bb{}\u00a0\u00bb][et_pb_column type=\u00a0\u00bb2_5&Prime; _builder_version=\u00a0\u00bb4.17.1&Prime; _module_preset=\u00a0\u00bbdefault\u00a0\u00bb global_colors_info=\u00a0\u00bb{}\u00a0\u00bb][et_pb_image src=\u00a0\u00bbhttps:\/\/gayonica.ca\/wp-content\/uploads\/2022\/04\/a-propos-Philippe.jpg\u00a0\u00bb title_text=\u00a0\u00bba-propos-Philippe\u00a0\u00bb _builder_version=\u00a0\u00bb4.17.1&Prime; _module_preset=\u00a0\u00bbdefault\u00a0\u00bb box_shadow_style=\u00a0\u00bbpreset4&Prime; box_shadow_horizontal=\u00a0\u00bb-25px\u00a0\u00bb box_shadow_vertical=\u00a0\u00bb25px\u00a0\u00bb box_shadow_color=\u00a0\u00bb#B4A686&Prime; global_colors_info=\u00a0\u00bb{}\u00a0\u00bb][\/et_pb_image][\/et_pb_column][et_pb_column type=\u00a0\u00bb3_5&Prime; _builder_version=\u00a0\u00bb4.17.1&Prime; _module_preset=\u00a0\u00bbdefault\u00a0\u00bb global_colors_info=\u00a0\u00bb{}\u00a0\u00bb][et_pb_text _builder_version=\u00a0\u00bb4.17.1&Prime; _module_preset=\u00a0\u00bbdefault\u00a0\u00bb header_2_font=\u00a0\u00bb|800|||||||\u00a0\u00bb header_2_font_size=\u00a0\u00bb35px\u00a0\u00bb custom_padding=\u00a0\u00bb30px|8%||8%|false|false\u00a0\u00bb global_colors_info=\u00a0\u00bb{}\u00a0\u00bb]<\/p>\n<h2>Philippe Bonnet<\/h2>\n<h3>Pr\u00e9sident et directeur g\u00e9n\u00e9ral<\/h3>\n<p>[\/et_pb_text][et_pb_text _builder_version=\u00a0\u00bb4.17.1&Prime; _module_preset=\u00a0\u00bbdefault\u00a0\u00bb text_font_size=\u00a0\u00bb20px\u00a0\u00bb text_line_height=\u00a0\u00bb28px\u00a0\u00bb global_colors_info=\u00a0\u00bb{}\u00a0\u00bb]Agronome de formation, Philippe \u00e9volue dans le milieu fascinant de l\u2019agroalimentaire qu\u00e9b\u00e9cois depuis plus de trois d\u00e9cennies. Il a \u00e9t\u00e9 propri\u00e9taire ou a dirig\u00e9 plusieurs entreprises agroalimentaires au Qu\u00e9bec (fromagerie Damafro, Saveurs Balatti, Plein Jus\u2026). Pendant plusieurs ann\u00e9es, il a \u00e9galement \u00e9t\u00e9 copropri\u00e9taire d\u2019une entreprise innovatrice dans la conservation des aliments, qui utilise le principe de traitement \u00e0 froid HPH. Son exp\u00e9rience dans la transformation des aliments, avec toutes les exigences que cela implique en mati\u00e8re de contr\u00f4le qualit\u00e9 (HACCP, GFSI, SQF\u2026), est un immense atout pour Gayonica. Sans parler de ses nombreux si\u00e8ges sur des conseils d\u2019administration reli\u00e9s au milieu de l\u2019alimentation, en tant qu\u2019administrateur ou cadre sup\u00e9rieur. En 2018, il d\u00e9cide de cr\u00e9er avec son fils S\u00e9bastien une entreprise reli\u00e9e aux produits du cannabis, convaincu du potentiel immense de cette plante. Ce fut les d\u00e9buts de Gayonica. Depuis, il s\u2019est entour\u00e9 de partenaires et d\u2019associ\u00e9s, dans le domaine technique autant que financier.[\/et_pb_text][\/et_pb_column][\/et_pb_row][et_pb_row column_structure=\u00a0\u00bb3_5,2_5&Prime; module_class=\u00a0\u00bbcustom_row\u00a0\u00bb _builder_version=\u00a0\u00bb4.17.1&Prime; _module_preset=\u00a0\u00bbdefault\u00a0\u00bb custom_margin=\u00a0\u00bb|auto|59px|auto||\u00a0\u00bb custom_padding=\u00a0\u00bb90px|||||\u00a0\u00bb global_colors_info=\u00a0\u00bb{}\u00a0\u00bb][et_pb_column type=\u00a0\u00bb3_5&Prime; module_class=\u00a0\u00bbsecond-on-mobile\u00a0\u00bb _builder_version=\u00a0\u00bb4.17.1&Prime; _module_preset=\u00a0\u00bbdefault\u00a0\u00bb global_colors_info=\u00a0\u00bb{}\u00a0\u00bb][et_pb_text _builder_version=\u00a0\u00bb4.17.1&Prime; _module_preset=\u00a0\u00bbdefault\u00a0\u00bb header_2_font=\u00a0\u00bb|800|||||||\u00a0\u00bb header_2_font_size=\u00a0\u00bb35px\u00a0\u00bb custom_padding=\u00a0\u00bb30px|8%||8%|false|false\u00a0\u00bb global_colors_info=\u00a0\u00bb{}\u00a0\u00bb]<\/p>\n<h2>S\u00e9bastien Bonnet<\/h2>\n<h3>Vice-pr\u00e9sident, ex\u00e9cutif<\/h3>\n<p>[\/et_pb_text][et_pb_text _builder_version=\u00a0\u00bb4.17.1&Prime; _module_preset=\u00a0\u00bbdefault\u00a0\u00bb text_font_size=\u00a0\u00bb20px\u00a0\u00bb text_line_height=\u00a0\u00bb28px\u00a0\u00bb custom_padding=\u00a0\u00bb||0px|||\u00a0\u00bb global_colors_info=\u00a0\u00bb{}\u00a0\u00bb]S\u00e9bastien poss\u00e8de 12 ann\u00e9es d\u2019exp\u00e9rience en d\u00e9veloppement des affaires. D\u00e9tenant un baccalaur\u00e9at en administration des affaires et une sp\u00e9cialisation en management, il a su s\u2019outiller pour exceller dans le d\u00e9veloppement entrepreneurial. Ancien vice-pr\u00e9sident et copropri\u00e9taire de Saveurs Balatti (une entreprise agroalimentaire qui participe activement \u00e0 la mise en march\u00e9 de produits novateurs), et ex-propri\u00e9taire franchis\u00e9 au sein du groupe R\u00e9sidencia S\u00e9curit\u00e9, S\u00e9bastien poss\u00e8de un profil essentiel au d\u00e9veloppement des affaires de Gayonica.[\/et_pb_text][\/et_pb_column][et_pb_column type=\u00a0\u00bb2_5&Prime; module_class=\u00a0\u00bbfirst-on-mobile\u00a0\u00bb _builder_version=\u00a0\u00bb4.17.1&Prime; _module_preset=\u00a0\u00bbdefault\u00a0\u00bb global_colors_info=\u00a0\u00bb{}\u00a0\u00bb custom_css_main_element_last_edited=\u00a0\u00bbon|tablet\u00a0\u00bb custom_css_main_element_tablet=\u00a0\u00bbmargin-bottom:30px !important;\u00a0\u00bb custom_css_main_element_phone=\u00a0\u00bbmargin-bottom:30px !important;\u00a0\u00bb][et_pb_image src=\u00a0\u00bbhttps:\/\/gayonica.ca\/wp-content\/uploads\/2022\/04\/a-propos-Sebastien.jpg\u00a0\u00bb title_text=\u00a0\u00bba-propos-Sebastien\u00a0\u00bb _builder_version=\u00a0\u00bb4.17.1&Prime; _module_preset=\u00a0\u00bbdefault\u00a0\u00bb box_shadow_style=\u00a0\u00bbpreset4&Prime; box_shadow_horizontal=\u00a0\u00bb25px\u00a0\u00bb box_shadow_vertical=\u00a0\u00bb25px\u00a0\u00bb box_shadow_color=\u00a0\u00bb#B4A686&Prime; global_colors_info=\u00a0\u00bb{}\u00a0\u00bb][\/et_pb_image][\/et_pb_column][\/et_pb_row][et_pb_row column_structure=\u00a0\u00bb2_5,3_5&Prime; _builder_version=\u00a0\u00bb4.17.1&Prime; _module_preset=\u00a0\u00bbdefault\u00a0\u00bb global_colors_info=\u00a0\u00bb{}\u00a0\u00bb][et_pb_column type=\u00a0\u00bb2_5&Prime; _builder_version=\u00a0\u00bb4.17.1&Prime; _module_preset=\u00a0\u00bbdefault\u00a0\u00bb global_colors_info=\u00a0\u00bb{}\u00a0\u00bb][et_pb_image src=\u00a0\u00bbhttps:\/\/gayonica.ca\/wp-content\/uploads\/2022\/04\/a-propos-alexandrep.jpg\u00a0\u00bb title_text=\u00a0\u00bba-propos-alexandrep\u00a0\u00bb _builder_version=\u00a0\u00bb4.17.1&Prime; _module_preset=\u00a0\u00bbdefault\u00a0\u00bb box_shadow_style=\u00a0\u00bbpreset4&Prime; box_shadow_horizontal=\u00a0\u00bb-25px\u00a0\u00bb box_shadow_vertical=\u00a0\u00bb25px\u00a0\u00bb box_shadow_color=\u00a0\u00bb#B4A686&Prime; global_colors_info=\u00a0\u00bb{}\u00a0\u00bb][\/et_pb_image][\/et_pb_column][et_pb_column type=\u00a0\u00bb3_5&Prime; _builder_version=\u00a0\u00bb4.17.1&Prime; _module_preset=\u00a0\u00bbdefault\u00a0\u00bb global_colors_info=\u00a0\u00bb{}\u00a0\u00bb][et_pb_text _builder_version=\u00a0\u00bb4.17.1&Prime; _module_preset=\u00a0\u00bbdefault\u00a0\u00bb header_2_font=\u00a0\u00bb|800|||||||\u00a0\u00bb header_2_font_size=\u00a0\u00bb35px\u00a0\u00bb position_origin_a=\u00a0\u00bbbottom_center\u00a0\u00bb custom_padding=\u00a0\u00bb30px|8%||8%|false|false\u00a0\u00bb global_colors_info=\u00a0\u00bb{}\u00a0\u00bb]<\/p>\n<h2>Alexandre Poulin<\/h2>\n<h3>Vice-pr\u00e9sident, innovation<\/h3>\n<p>[\/et_pb_text][et_pb_text _builder_version=\u00a0\u00bb4.16&Prime; _module_preset=\u00a0\u00bbdefault\u00a0\u00bb text_font_size=\u00a0\u00bb20px\u00a0\u00bb text_line_height=\u00a0\u00bb28px\u00a0\u00bb global_colors_info=\u00a0\u00bb{}\u00a0\u00bb]<\/p>\n<p>\u00c9ducateur chevronn\u00e9 en mati\u00e8re de cannabis, Alexandre est passionn\u00e9 par les terroirs et la botanique. \u00c9tant fervent d\u2019une \u00e9ducation constante sur un vaste panorama de sujets, passant du d\u00e9veloppement territorial, au monde des affaires, de la sommellerie mol\u00e9culaire aux extractions botaniques et plus encore, il d\u00e9ploie un \u00e9ventail unique de comp\u00e9tences. Sa passion pour les cuisines du monde et l\u2019aventure l\u2019ont amen\u00e9 \u00e0 parcourir le globe pendant plusieurs ann\u00e9es afin de parfaire ses techniques. Cela lui permit de travailler le cannabis sur quatre continents dans plusieurs milieux autant traditionnels qu\u2019\u00e0 la fine pointe de la technologie. Avec son approche cr\u00e9ative, il \u00e9labore de rigoureux processus de recherche et d\u00e9veloppement visant les terp\u00e8nes, les cannabino\u00efdes, les flavono\u00efdes, les compos\u00e9s ph\u00e9noliques et leurs effets m\u00e9dicinaux respectifs. Il consacre maintenant ses efforts et ses connaissances au service de l\u2019industrie du cannabis au Canada et \u00e0 l\u2019international en se faisant promoteur de l\u2019\u00e9ducation et en contribuant \u00e0 des projets socialement et \u00e9cologiquement responsables.<\/p>\n<p>[\/et_pb_text][\/et_pb_column][\/et_pb_row][et_pb_row column_structure=\u00a0\u00bb3_5,2_5&Prime; module_class=\u00a0\u00bbcustom_row\u00a0\u00bb _builder_version=\u00a0\u00bb4.17.1&Prime; _module_preset=\u00a0\u00bbdefault\u00a0\u00bb custom_margin=\u00a0\u00bb|auto|59px|auto||\u00a0\u00bb custom_padding=\u00a0\u00bb90px|||||\u00a0\u00bb global_colors_info=\u00a0\u00bb{}\u00a0\u00bb disabled_on=\u00a0\u00bbon|on|on\u00a0\u00bb disabled=\u00a0\u00bbon\u00a0\u00bb][et_pb_column type=\u00a0\u00bb3_5&Prime; module_class=\u00a0\u00bbsecond-on-mobile\u00a0\u00bb _builder_version=\u00a0\u00bb4.17.1&Prime; _module_preset=\u00a0\u00bbdefault\u00a0\u00bb global_colors_info=\u00a0\u00bb{}\u00a0\u00bb][et_pb_text _builder_version=\u00a0\u00bb4.17.1&Prime; _module_preset=\u00a0\u00bbdefault\u00a0\u00bb header_2_font=\u00a0\u00bb|800|||||||\u00a0\u00bb header_2_font_size=\u00a0\u00bb35px\u00a0\u00bb custom_padding=\u00a0\u00bb30px|8%||8%|false|false\u00a0\u00bb global_colors_info=\u00a0\u00bb{}\u00a0\u00bb]<\/p>\n<h2>Alexandre Therrien<\/h2>\n<h3>Directeur des op\u00e9rations<\/h3>\n<p>[\/et_pb_text][et_pb_text _builder_version=\u00a0\u00bb4.17.1&Prime; _module_preset=\u00a0\u00bbdefault\u00a0\u00bb text_font_size=\u00a0\u00bb20px\u00a0\u00bb text_line_height=\u00a0\u00bb28px\u00a0\u00bb global_colors_info=\u00a0\u00bb{}\u00a0\u00bb]Alexandre poss\u00e8de 17 ann\u00e9es d\u2019exp\u00e9rience en tant que scientifique dans divers milieux acad\u00e9miques et industriels. Il op\u00e8re dans l\u2019industrie du cannabis depuis 2018 \u00e0 son arriv\u00e9e chez Hyasynth Biologicals, o\u00f9 il d\u00e9veloppe alors des m\u00e9thodes analytiques haut d\u00e9bit pour la quantification de centaines de milliers d\u2019\u00e9chantillons de cannabino\u00efdes et de pr\u00e9curseurs. Il met \u00e9galement en place des m\u00e9thodes \u00e9volutives pour la purification de cannabino\u00efdes de synth\u00e8se. Par la suite, il planifie les proc\u00e9d\u00e9s de transformation, les strat\u00e9gies technologiques, l\u2019acquisition d\u2019\u00e9quipement et l\u2019am\u00e9nagement des salles de production sur plusieurs projets d\u2019extraction de cannabis par ethanol\/CO2\/pressage et de purification par distillation\/chromatographie. D\u00e9tenteur d\u2019un doctorat (2016) en chimie physique de l\u2019Universit\u00e9 de Montr\u00e9al et d\u2019un savoir-faire en chromatographie, Alexandre apporte une expertise technique et une compr\u00e9hension mol\u00e9culaire de la transformation du cannabis.[\/et_pb_text][\/et_pb_column][et_pb_column type=\u00a0\u00bb2_5&Prime; module_class=\u00a0\u00bbfirst-on-mobile\u00a0\u00bb _builder_version=\u00a0\u00bb4.17.1&Prime; _module_preset=\u00a0\u00bbdefault\u00a0\u00bb global_colors_info=\u00a0\u00bb{}\u00a0\u00bb custom_css_main_element_last_edited=\u00a0\u00bbon|tablet\u00a0\u00bb custom_css_main_element_tablet=\u00a0\u00bbmargin-bottom:30px !important;\u00a0\u00bb custom_css_main_element_phone=\u00a0\u00bbmargin-bottom:30px !important;\u00a0\u00bb][et_pb_image src=\u00a0\u00bbhttps:\/\/gayonica.ca\/wp-content\/uploads\/2022\/04\/a-propos-alexandret.jpg\u00a0\u00bb title_text=\u00a0\u00bba-propos-alexandret\u00a0\u00bb _builder_version=\u00a0\u00bb4.17.1&Prime; _module_preset=\u00a0\u00bbdefault\u00a0\u00bb box_shadow_style=\u00a0\u00bbpreset4&Prime; box_shadow_horizontal=\u00a0\u00bb25px\u00a0\u00bb box_shadow_vertical=\u00a0\u00bb25px\u00a0\u00bb box_shadow_color=\u00a0\u00bb#B4A686&Prime; global_colors_info=\u00a0\u00bb{}\u00a0\u00bb][\/et_pb_image][\/et_pb_column][\/et_pb_row][\/et_pb_section][et_pb_section fb_built=\u00a0\u00bb1&Prime; _builder_version=\u00a0\u00bb4.16&Prime; _module_preset=\u00a0\u00bbdefault\u00a0\u00bb custom_padding=\u00a0\u00bb0px||0px||true|false\u00a0\u00bb global_colors_info=\u00a0\u00bb{}\u00a0\u00bb][et_pb_row column_structure=\u00a0\u00bb1_3,2_3&Prime; use_custom_gutter=\u00a0\u00bbon\u00a0\u00bb gutter_width=\u00a0\u00bb1&Prime; make_equal=\u00a0\u00bbon\u00a0\u00bb _builder_version=\u00a0\u00bb4.17.1&Prime; _module_preset=\u00a0\u00bbdefault\u00a0\u00bb use_background_color_gradient=\u00a0\u00bbon\u00a0\u00bb background_color_gradient_direction=\u00a0\u00bb-230deg\u00a0\u00bb background_color_gradient_stops=\u00a0\u00bb#a89a7a 45%|#b4a686 59%|#d1c098 81%\u00a0\u00bb width=\u00a0\u00bb100%\u00a0\u00bb max_width=\u00a0\u00bb100%\u00a0\u00bb custom_padding=\u00a0\u00bb0px||0px||true|false\u00a0\u00bb global_colors_info=\u00a0\u00bb{}\u00a0\u00bb][et_pb_column type=\u00a0\u00bb1_3&Prime; _builder_version=\u00a0\u00bb4.17.1&Prime; _module_preset=\u00a0\u00bbdefault\u00a0\u00bb background_color=\u00a0\u00bbrgba(0,0,0,0.5)\u00a0\u00bb background_image=\u00a0\u00bbhttps:\/\/gayonica.ca\/wp-content\/uploads\/2022\/05\/nurturing-bottom.jpg\u00a0\u00bb background_blend=\u00a0\u00bbsaturation\u00a0\u00bb custom_padding=\u00a0\u00bb||||false|false\u00a0\u00bb filter_saturate=\u00a0\u00bb56%\u00a0\u00bb global_colors_info=\u00a0\u00bb{}\u00a0\u00bb][et_pb_text content_tablet=\u00a0\u00bb<\/p>\n<h3>Nourrir un bien-\u00eatre <br \/>qui se r\u00e9p\u00e8te <br \/>au jour le jour<\/h3>\n<p>\u00a0\u00bb content_phone=\u00a0\u00bb<\/p>\n<h3>Nourrir un bien-\u00eatre qui se r\u00e9p\u00e8te au jour le jour<\/h3>\n<p>\u00a0\u00bb content_last_edited=\u00a0\u00bbon|phone\u00a0\u00bb _builder_version=\u00a0\u00bb4.17.1&Prime; _module_preset=\u00a0\u00bbdefault\u00a0\u00bb header_3_font=\u00a0\u00bb||||||||\u00a0\u00bb header_3_font_size=\u00a0\u00bb38px\u00a0\u00bb header_3_line_height=\u00a0\u00bb47px\u00a0\u00bb text_orientation=\u00a0\u00bbcenter\u00a0\u00bb background_layout=\u00a0\u00bbdark\u00a0\u00bb custom_padding=\u00a0\u00bb150px|8%|150px|8%|false|false\u00a0\u00bb custom_css_main_element=\u00a0\u00bbdisplay:flex;||align-items:center;||justify-content:center;||height:100%;||\u00a0\u00bb global_colors_info=\u00a0\u00bb{}\u00a0\u00bb]<\/p>\n<h3>Nourrir un bien-\u00eatre <br \/>qui se r\u00e9p\u00e8te <br \/>au jour le jour<\/h3>\n<p>[\/et_pb_text][\/et_pb_column][et_pb_column type=\u00a0\u00bb2_3&Prime; module_class=\u00a0\u00bbfeelgood\u00a0\u00bb _builder_version=\u00a0\u00bb4.17.1&Prime; _module_preset=\u00a0\u00bbdefault\u00a0\u00bb background_enable_image=\u00a0\u00bboff\u00a0\u00bb background_size=\u00a0\u00bbcontain\u00a0\u00bb background_position=\u00a0\u00bbbottom_right\u00a0\u00bb custom_padding=\u00a0\u00bb11%|8%|11%|8%|true|true\u00a0\u00bb global_colors_info=\u00a0\u00bb{}\u00a0\u00bb][et_pb_text _builder_version=\u00a0\u00bb4.17.1&Prime; _module_preset=\u00a0\u00bbdefault\u00a0\u00bb text_font=\u00a0\u00bb||||||||\u00a0\u00bb text_font_size=\u00a0\u00bb20px\u00a0\u00bb text_line_height=\u00a0\u00bb27px\u00a0\u00bb background_layout=\u00a0\u00bbdark\u00a0\u00bb custom_margin=\u00a0\u00bb1px|||||\u00a0\u00bb global_colors_info=\u00a0\u00bb{}\u00a0\u00bb]Une des cl\u00e9s du bien-\u00eatre est l\u2019\u00e9quilibre. Nos proc\u00e9d\u00e9s rigoureux vous assurent des produits stables pour profiter d\u2019un contr\u00f4le sur les bienfaits d\u00e9sir\u00e9s. Une stabilit\u00e9 qui offre une exp\u00e9rience constante, d\u2019une fois \u00e0 l\u2019autre, facilitant l\u2019int\u00e9gration au quotidien pour un sentiment de mieux-\u00eatre continu.[\/et_pb_text][\/et_pb_column][\/et_pb_row][\/et_pb_section]<\/p>\n","protected":false},"excerpt":{"rendered":"<p>Enrichir la vie des gensde partout gr\u00e2ce aux bienfaits du cannabis.Gayonica rassemble des expertises de pointe en formulation de produits \u00e0 base de cannabis, ainsi qu\u2019un savoir sur leurs utilisations, purifications, s\u00e9gr\u00e9gations et analyses. Notre \u00e9quipe d\u2019innovateurs se sp\u00e9cialise dans la formulation de produits \u00e0 effets sp\u00e9cifiques, produisant des extraits de haute qualit\u00e9.Quatre valeurs fortes,au [&hellip;]<\/p>\n","protected":false},"author":1,"featured_media":0,"parent":0,"menu_order":0,"comment_status":"closed","ping_status":"closed","template":"","meta":{"_acf_changed":false,"_et_pb_use_builder":"on","_et_pb_old_content":"","_et_gb_content_width":"","footnotes":""},"class_list":["post-1333","page","type-page","status-publish","hentry"],"acf":[],"_links":{"self":[{"href":"https:\/\/gayonica.ca\/fr\/wp-json\/wp\/v2\/pages\/1333","targetHints":{"allow":["GET"]}}],"collection":[{"href":"https:\/\/gayonica.ca\/fr\/wp-json\/wp\/v2\/pages"}],"about":[{"href":"https:\/\/gayonica.ca\/fr\/wp-json\/wp\/v2\/types\/page"}],"author":[{"embeddable":true,"href":"https:\/\/gayonica.ca\/fr\/wp-json\/wp\/v2\/users\/1"}],"replies":[{"embeddable":true,"href":"https:\/\/gayonica.ca\/fr\/wp-json\/wp\/v2\/comments?post=1333"}],"version-history":[{"count":6,"href":"https:\/\/gayonica.ca\/fr\/wp-json\/wp\/v2\/pages\/1333\/revisions"}],"predecessor-version":[{"id":4636,"href":"https:\/\/gayonica.ca\/fr\/wp-json\/wp\/v2\/pages\/1333\/revisions\/4636"}],"wp:attachment":[{"href":"https:\/\/gayonica.ca\/fr\/wp-json\/wp\/v2\/media?parent=1333"}],"curies":[{"name":"wp","href":"https:\/\/api.w.org\/{rel}","templated":true}]}}